{"id":10,"date":"2021-01-04T23:00:43","date_gmt":"2021-01-04T22:00:43","guid":{"rendered":"http:\/\/urbannet.net\/?page_id=10"},"modified":"2023-11-17T05:47:57","modified_gmt":"2023-11-17T15:47:57","slug":"somos","status":"publish","type":"page","link":"https:\/\/urbannet.net\/?page_id=10","title":{"rendered":"UrbanNet"},"content":{"rendered":"<p>Somos uma equipa que utiliza todo know-how tecnol\u00f3gico poss\u00edvel, desenvolvendo solu\u00e7\u00f5es de software com metodologias \u00e1geis e servi\u00e7os de internet e operador VOIP, actuando no mercado como ISP via radio Oferecendo suporte t\u00e9cnico e tecnol\u00f3gico atrav\u00e9s de profissionais competentes nas \u00e1reas de Treinamento, Implanta\u00e7\u00e3o e Consultoria.<\/p>\n<p><strong>&nbsp;<\/strong><\/p>\n<p><strong>Diferenciais:<\/strong><\/p>\n<ul>\n<li>Inova\u00e7\u00e3o Tecnol\u00f3gica<\/li>\n<li>Transpar\u00eancia Total<\/li>\n<li>Suporte Incondicional<\/li>\n<li>Escutar o Cliente<\/li>\n<li>Transfer\u00eancia de Know-How e Experi\u00eancia<\/li>\n<li>Profissionais Especializados<\/li>\n<li>Solu\u00e7\u00f5es Imediatas<\/li>\n<\/ul><div class=\"wp-block-buttons is-layout-flex wp-block-buttons-is-layout-flex\"><div class=\"wp-block-button\"><a class=\"wp-block-button__link\" href=\"https:\/\/urbannet.net\/wp-admin\/\">Membro<\/a><\/div><\/div><div class=\"wp-block-group\"><div class=\"wp-block-group__inner-container is-layout-flow wp-block-group-is-layout-flow\"><figure class=\"wp-block-gallery columns-3 is-cropped wp-block-gallery-1 is-layout-flex wp-block-gallery-is-layout-flex\"><ul class=\"blocks-gallery-grid\"><li class=\"blocks-gallery-item\"><figure><img loading=\"lazy\" decoding=\"async\" width=\"400\" height=\"320\" src=\"https:\/\/urbannet.net\/wp-content\/uploads\/2023\/06\/wifi_vending.png\" alt=\"\" data-id=\"354\" data-link=\"https:\/\/urbannet.net\/wifi_vending\/\" class=\"wp-image-354\" srcset=\"https:\/\/urbannet.net\/wp-content\/uploads\/2023\/06\/wifi_vending.png 400w, https:\/\/urbannet.net\/wp-content\/uploads\/2023\/06\/wifi_vending-300x240.png 300w\" sizes=\"auto, (max-width: 400px) 100vw, 400px\" \/><figcaption class=\"blocks-gallery-item__caption\">Hotspot<\/figcaption><\/figure><\/li><li class=\"blocks-gallery-item\"><figure><img loading=\"lazy\" decoding=\"async\" width=\"400\" height=\"320\" src=\"https:\/\/urbannet.net\/wp-content\/uploads\/2023\/06\/urbanetv.png\" alt=\"\" data-id=\"358\" data-full-url=\"https:\/\/urbannet.net\/wp-content\/uploads\/2023\/06\/urbanetv.png\" data-link=\"https:\/\/urbannet.net\/somos\/urbanetv\/\" class=\"wp-image-358\" srcset=\"https:\/\/urbannet.net\/wp-content\/uploads\/2023\/06\/urbanetv.png 400w, https:\/\/urbannet.net\/wp-content\/uploads\/2023\/06\/urbanetv-300x240.png 300w, https:\/\/urbannet.net\/wp-content\/uploads\/2023\/06\/urbanetv-75x60.png 75w, https:\/\/urbannet.net\/wp-content\/uploads\/2023\/06\/urbanetv-113x90.png 113w\" sizes=\"auto, (max-width: 400px) 100vw, 400px\" \/><figcaption class=\"blocks-gallery-item__caption\">TV Streaming<\/figcaption><\/figure><\/li><li class=\"blocks-gallery-item\"><figure><img loading=\"lazy\" decoding=\"async\" width=\"400\" height=\"320\" src=\"https:\/\/urbannet.net\/wp-content\/uploads\/2023\/06\/ubnt1.png\" alt=\"\" data-id=\"357\" data-link=\"https:\/\/urbannet.net\/somos\/ubnt1\/\" class=\"wp-image-357\" srcset=\"https:\/\/urbannet.net\/wp-content\/uploads\/2023\/06\/ubnt1.png 400w, https:\/\/urbannet.net\/wp-content\/uploads\/2023\/06\/ubnt1-300x240.png 300w, https:\/\/urbannet.net\/wp-content\/uploads\/2023\/06\/ubnt1-75x60.png 75w, https:\/\/urbannet.net\/wp-content\/uploads\/2023\/06\/ubnt1-113x90.png 113w\" sizes=\"auto, (max-width: 400px) 100vw, 400px\" \/><figcaption class=\"blocks-gallery-item__caption\">Internet B2C &#8211; B2B<\/figcaption><\/figure><\/li><\/ul><\/figure><\/div><\/div><p><\/p>","protected":false},"excerpt":{"rendered":"<div class=\"slide-text-bg2\"><span>Somos uma equipa que utiliza todo know-how tecnol\u00f3gico poss\u00edvel, desenvolvendo solu\u00e7\u00f5es de software com metodologias \u00e1geis e servi\u00e7os de internet e o<\/span><\/div>\n<div class=\"slide-btn-area-sm\"><a href=\"https:\/\/urbannet.net\/?page_id=10\" class=\"slide-btn-sm\">Read More<\/a><\/div>\n","protected":false},"author":1,"featured_media":113,"parent":0,"menu_order":0,"comment_status":"closed","ping_status":"closed","template":"","meta":{"footnotes":""},"class_list":["post-10","page","type-page","status-publish","has-post-thumbnail","hentry"],"jetpack_sharing_enabled":true,"_links":{"self":[{"href":"https:\/\/urbannet.net\/index.php?rest_route=\/wp\/v2\/pages\/10","targetHints":{"allow":["GET"]}}],"collection":[{"href":"https:\/\/urbannet.net\/index.php?rest_route=\/wp\/v2\/pages"}],"about":[{"href":"https:\/\/urbannet.net\/index.php?rest_route=\/wp\/v2\/types\/page"}],"author":[{"embeddable":true,"href":"https:\/\/urbannet.net\/index.php?rest_route=\/wp\/v2\/users\/1"}],"replies":[{"embeddable":true,"href":"https:\/\/urbannet.net\/index.php?rest_route=%2Fwp%2Fv2%2Fcomments&post=10"}],"version-history":[{"count":11,"href":"https:\/\/urbannet.net\/index.php?rest_route=\/wp\/v2\/pages\/10\/revisions"}],"predecessor-version":[{"id":360,"href":"https:\/\/urbannet.net\/index.php?rest_route=\/wp\/v2\/pages\/10\/revisions\/360"}],"wp:featuredmedia":[{"embeddable":true,"href":"https:\/\/urbannet.net\/index.php?rest_route=\/wp\/v2\/media\/113"}],"wp:attachment":[{"href":"https:\/\/urbannet.net\/index.php?rest_route=%2Fwp%2Fv2%2Fmedia&parent=10"}],"curies":[{"name":"wp","href":"https:\/\/api.w.org\/{rel}","templated":true}]}}